{"id":52,"date":"2023-09-21T07:15:30","date_gmt":"2023-09-21T07:15:30","guid":{"rendered":"https:\/\/artcomp.com.pl\/?page_id=52"},"modified":"2023-11-06T06:48:10","modified_gmt":"2023-11-06T06:48:10","slug":"wynajm-9-osobowego-busa","status":"publish","type":"page","link":"https:\/\/artcomp.com.pl\/?page_id=52","title":{"rendered":"Wynajem"},"content":{"rendered":"\n<p>Wynajem busa 9 osobowego Nowy Renault Trafic Long czeka na Ciebie<\/p>\n\n\n\n<h3 class=\"wp-block-heading\">ju\u017c od 166 z\u0142 za dob\u0119*<\/h3>\n\n\n\n<h3 class=\"wp-block-heading\">Opis<\/h3>\n\n\n\n<p>Pragniemy zaproponowa\u0107 nowego busa 9 osobowego Renault Trafic Long z kierowc\u0105 lub bez na:<br>&#8211; wakacje<br>&#8211; wczasy<br>&#8211; ferie<br>&#8211; imprezy okoliczno\u015bciowe<br>&#8211; transfery<br>&#8211; wyjazdy za miasto<br>&#8211; wycieczki<br><br>Samoch\u00f3d posiada pe\u0142en pakiet ubezpiecze\u0144 na wypo\u017cyczalni\u0119 OC, AC, NNW, ASSISTANCE oraz hak, dok\u0142adniejszy opis samochodu znajduje si\u0119 ni\u017cej.<br>W zale\u017cno\u015bci od potrzeb samoch\u00f3d mo\u017ce by\u0107 dodatkowo wyposa\u017cone na przyk\u0142ad w lod\u00f3wk\u0119 turystyczn\u0105, baga\u017cnik rowerowy czy \u0142a\u0144cuch na ko\u0142a.<br>Ceny ustalane s\u0105 indywidualnie i zaczynaj\u0105 si\u0119 od 166z\u0142 *za dob\u0119 wypo\u017cyczenia.<br>Wystawiamy faktury VAT.<br>Zapraszamy do kontaktu i skorzystania z naszych us\u0142ug.<br><br>Prezentowana cena za wynajem busa Renault Trafic 2.0 w wersji LONG przy minimum 30 dniach wynajmu.<br><br>Obs\u0142uga wypo\u017cyczalni samochod\u00f3w czeka na Was pod numerami telefon\u00f3w: 575-003-610 lub 575-003-510.<br><br>Renault Trafic 9 osobowy w wersji Long. Samoch\u00f3d idealnie nadaje si\u0119 na d\u0142u\u017csze wyprawy. Letni wyjazd na wakacje lub zimowy wypad na ferie ze znajomymi nie b\u0119dzie ju\u017c problemem. Wygodny, przestronny i oszcz\u0119dny \u2013 czeka na Ciebie. Wyposa\u017cony w 6 biegow\u0105, manualn\u0105 skrzyni\u0119 bieg\u00f3w oraz dynamiczny silnik diesla 2.0 dci 150KM, g\u0142adko\u015bci\u0105 i przyjemno\u015bci\u0105 prowadzenia przypomina samoch\u00f3d osobowy. Dla wi\u0119kszej wygody wsiadania i wysiadania, pojazd posiada drzwi przesuwne z prawej i lewej strony. Wyposa\u017cony jest w czujnik deszczu oraz zmierzchu, dwustrefow\u0105 klimatyzacj\u0119, elektryczne i ogrzewane lusterka, elektrycznie sterowane szyby drzwi przednich, czujniki i kamer\u0119 cofania oraz hak holowniczy. Znakomit\u0105 widoczno\u015b\u0107 w nocy zapewniaj\u0105 pe\u0142ne \u015bwiat\u0142a LED z funkcj\u0105 do\u015bwietlania zakr\u0119t\u00f3w. Du\u017cy 7 calowy wy\u015bwietlacz multimedi\u00f3w z \u0142atwo\u015bci\u0105 przejmie ekran Twojego telefonu za pomoc\u0105 Android Auto czy funkcji CarPlay. Zapraszamy do skorzystania z oferty.<br><br>Osobno mo\u017cna wypo\u017cyczy\u0107:<br><br>BOXy dachowe x2 25z\u0142\/dob\u0119<br>Baga\u017cnik rowerowy na dach x 3 25z\u0142\/dob\u0119<br>Baga\u017cnik rowerowy na hak 50z\u0142\/dob\u0119<\/p>\n","protected":false},"excerpt":{"rendered":"<p>Wynajem busa 9 osobowego Nowy Renault Trafic Long czeka na Ciebie ju\u017c od 166 z\u0142 za dob\u0119* Opis Pragniemy zaproponowa\u0107 nowego busa 9 osobowego Renault Trafic Long z kierowc\u0105 lub bez na:&#8211; wakacje&#8211; wczasy&#8211; ferie&#8211; imprezy okoliczno\u015bciowe&#8211; transfery&#8211; wyjazdy za miasto&#8211; wycieczki Samoch\u00f3d posiada pe\u0142en pakiet ubezpiecze\u0144 na wypo\u017cyczalni\u0119 OC, AC, NNW, ASSISTANCE oraz hak, [&hellip;]<\/p>\n","protected":false},"author":1,"featured_media":55,"parent":0,"menu_order":0,"comment_status":"closed","ping_status":"closed","template":"","meta":{"footnotes":""},"class_list":["post-52","page","type-page","status-publish","has-post-thumbnail","hentry"],"_links":{"self":[{"href":"https:\/\/artcomp.com.pl\/index.php?rest_route=\/wp\/v2\/pages\/52","targetHints":{"allow":["GET"]}}],"collection":[{"href":"https:\/\/artcomp.com.pl\/index.php?rest_route=\/wp\/v2\/pages"}],"about":[{"href":"https:\/\/artcomp.com.pl\/index.php?rest_route=\/wp\/v2\/types\/page"}],"author":[{"embeddable":true,"href":"https:\/\/artcomp.com.pl\/index.php?rest_route=\/wp\/v2\/users\/1"}],"replies":[{"embeddable":true,"href":"https:\/\/artcomp.com.pl\/index.php?rest_route=%2Fwp%2Fv2%2Fcomments&post=52"}],"version-history":[{"count":4,"href":"https:\/\/artcomp.com.pl\/index.php?rest_route=\/wp\/v2\/pages\/52\/revisions"}],"predecessor-version":[{"id":130,"href":"https:\/\/artcomp.com.pl\/index.php?rest_route=\/wp\/v2\/pages\/52\/revisions\/130"}],"wp:featuredmedia":[{"embeddable":true,"href":"https:\/\/artcomp.com.pl\/index.php?rest_route=\/wp\/v2\/media\/55"}],"wp:attachment":[{"href":"https:\/\/artcomp.com.pl\/index.php?rest_route=%2Fwp%2Fv2%2Fmedia&parent=52"}],"curies":[{"name":"wp","href":"https:\/\/api.w.org\/{rel}","templated":true}]}}