{"id":37,"date":"2023-09-21T05:35:27","date_gmt":"2023-09-21T05:35:27","guid":{"rendered":"https:\/\/artcomp.com.pl\/?page_id=37"},"modified":"2023-09-21T05:45:43","modified_gmt":"2023-09-21T05:45:43","slug":"kontakt","status":"publish","type":"page","link":"https:\/\/artcomp.com.pl\/?page_id=37","title":{"rendered":"Kontakt"},"content":{"rendered":"\n<p>Jeste\u015bmy do Pa\u0144stwa dyspozycji od poniedzia\u0142ku do pi\u0105tku w godzinach 9.30 \u2013 17.30, a w soboty od 9.00 \u2013 13.00<\/p>\n\n\n\n<p>Je\u015bli masz problem, pytanie, chcesz posk\u0142ada\u0107 sw\u00f3j wymarzony komputer, naprawi\u0107 b\u0105d\u017a zmodernizowa\u0107 stary zadzwo\u0144 pod nr tel. (32) 473-26-36 lub 531-214-213<\/p>\n\n\n\n<p>lub napisz na adres email:\u00a0<strong><em><a href=\"mailto:artcomp.ss@outlook.com\" target=\"_blank\" rel=\"noreferrer noopener\">artcomp.ss@outlook.com<\/a><\/em><\/strong> <strong><em><a href=\"mailto:artcomp@o2.pl\" target=\"_blank\" rel=\"noreferrer noopener\">artcomp@o2.pl<\/a><\/em><\/strong>\u00a0 lub\u00a0\u00a0<strong><em><a href=\"mailto:artcomp@poczta.onet.pl\" target=\"_blank\" rel=\"noreferrer noopener\">artcomp@poczta.onet.pl<\/a><\/em><\/strong><\/p>\n\n\n\n<p>Nasza firma mie\u015bci si\u0119 w Jastrz\u0119biu-Zdroju przy ulicy Pszczy\u0144skiej 269 (niedaleko skrzy\u017cowania Pszczy\u0144skiej z Rybnick\u0105)<\/p>\n\n\n\n<p><a href=\"https:\/\/www.alsen.pl\/sklepy\/artcomp-sklep-komputerowy-jastrzebie-zdroj\" data-type=\"link\" data-id=\"https:\/\/www.alsen.pl\/sklepy\/artcomp-sklep-komputerowy-jastrzebie-zdroj\" target=\"_blank\" rel=\"noreferrer noopener\">link <\/a><a rel=\"noreferrer noopener\" href=\"https:\/\/www.alsen.pl\/sklepy\/artcomp-sklep-komputerowy-jastrzebie-zdroj\" target=\"_blank\">do <\/a><a href=\"https:\/\/www.alsen.pl\/sklepy\/artcomp-sklep-komputerowy-jastrzebie-zdroj\">Alsen<\/a><\/p>\n\n\n\n<p><a href=\"https:\/\/mapa.targeo.pl\/piontek-krzysztof-artcomp~12147140\/przedsiebiorstwo-firma\/adres\">link do <\/a><a href=\"https:\/\/mapa.targeo.pl\/piontek-krzysztof-artcomp~12147140\/przedsiebiorstwo-firma\/adres\" target=\"_blank\" rel=\"noreferrer noopener\">targeo<\/a><\/p>\n","protected":false},"excerpt":{"rendered":"<p>Jeste\u015bmy do Pa\u0144stwa dyspozycji od poniedzia\u0142ku do pi\u0105tku w godzinach 9.30 \u2013 17.30, a w soboty od 9.00 \u2013 13.00 Je\u015bli masz problem, pytanie, chcesz posk\u0142ada\u0107 sw\u00f3j wymarzony komputer, naprawi\u0107 b\u0105d\u017a zmodernizowa\u0107 stary zadzwo\u0144 pod nr tel. (32) 473-26-36 lub 531-214-213 lub napisz na adres email:\u00a0artcomp.ss@outlook.com artcomp@o2.pl\u00a0 lub\u00a0\u00a0artcomp@poczta.onet.pl Nasza firma mie\u015bci si\u0119 w Jastrz\u0119biu-Zdroju przy [&hellip;]<\/p>\n","protected":false},"author":1,"featured_media":0,"parent":0,"menu_order":0,"comment_status":"closed","ping_status":"closed","template":"","meta":{"footnotes":""},"class_list":["post-37","page","type-page","status-publish","hentry"],"_links":{"self":[{"href":"https:\/\/artcomp.com.pl\/index.php?rest_route=\/wp\/v2\/pages\/37","targetHints":{"allow":["GET"]}}],"collection":[{"href":"https:\/\/artcomp.com.pl\/index.php?rest_route=\/wp\/v2\/pages"}],"about":[{"href":"https:\/\/artcomp.com.pl\/index.php?rest_route=\/wp\/v2\/types\/page"}],"author":[{"embeddable":true,"href":"https:\/\/artcomp.com.pl\/index.php?rest_route=\/wp\/v2\/users\/1"}],"replies":[{"embeddable":true,"href":"https:\/\/artcomp.com.pl\/index.php?rest_route=%2Fwp%2Fv2%2Fcomments&post=37"}],"version-history":[{"count":6,"href":"https:\/\/artcomp.com.pl\/index.php?rest_route=\/wp\/v2\/pages\/37\/revisions"}],"predecessor-version":[{"id":50,"href":"https:\/\/artcomp.com.pl\/index.php?rest_route=\/wp\/v2\/pages\/37\/revisions\/50"}],"wp:attachment":[{"href":"https:\/\/artcomp.com.pl\/index.php?rest_route=%2Fwp%2Fv2%2Fmedia&parent=37"}],"curies":[{"name":"wp","href":"https:\/\/api.w.org\/{rel}","templated":true}]}}