{"id":33,"date":"2023-09-21T05:34:37","date_gmt":"2023-09-21T05:34:37","guid":{"rendered":"https:\/\/artcomp.com.pl\/?page_id=33"},"modified":"2023-09-30T21:04:28","modified_gmt":"2023-09-30T21:04:28","slug":"kasy-fiskalne","status":"publish","type":"page","link":"https:\/\/artcomp.com.pl\/?page_id=33","title":{"rendered":"Kasy fiskalne"},"content":{"rendered":"\n<p>Nasza firma pomaga w optymalnym doborze, dostawie i instalacji oraz serwisie urz\u0105dze\u0144 technicznych i fiskalnych s\u0142u\u017c\u0105cych do wspomagania procesu sprzeda\u017cy ka\u017cdego typu plac\u00f3wki handlowej.<\/p>\n\n\n\n<p>Jeste\u015bmy autoryzowanymi partnerami takich firm jak:<\/p>\n\n\n\n<ul class=\"wp-block-list\">\n<li>&nbsp;&nbsp;&nbsp;&nbsp;&nbsp;&nbsp;&nbsp; Elzab<\/li>\n\n\n\n<li>&nbsp;&nbsp;&nbsp;&nbsp;&nbsp;&nbsp;&nbsp; Novitus<\/li>\n\n\n\n<li>&nbsp;&nbsp;&nbsp;&nbsp;&nbsp;&nbsp;&nbsp; Farex<\/li>\n\n\n\n<li>&nbsp;&nbsp;&nbsp;&nbsp;&nbsp;&nbsp;&nbsp; Emar<\/li>\n<\/ul>\n\n\n\n<p>i wielu innych produkuj\u0105cych min.&nbsp; kasy oraz drukarki fiskalne, wagi, szuflady i urz\u0105dzenia pomiarowe, czytniki kod\u00f3w kreskowych, kolektory danych, drukarki etykiet itp.<\/p>\n\n\n\n<p>Kupuj\u0105c u nas kas\u0119 lub drukark\u0119 fiskaln\u0105 zapewniamy wsparcie przed jak i r\u00f3wnie\u017c po zakupie naszego towaru.<\/p>\n\n\n\n<p>Chcesz kompletnie wyposa\u017cy\u0107 sw\u00f3j sklep w kasy lub drukarki fiskalne, wagi, szuflady lub inne systemy sprzeda\u017cy zapraszamy do nas \u2013 doradzimy, zaprezentujemy i zaproponujemy najlepsze rozwi\u0105zania dopasowane indywidualnie do Pa\u0144stwa potrzeb.<\/p>\n\n\n\n<p>Zapewniamy r\u00f3wnie\u017c najlepszy serwis gwarancyjny oraz pogwarancyjny urz\u0105dze\u0144 fiskalnych jak r\u00f3wnie\u017c wszelkiego rodzaju wag, szuflad, czytnik\u00f3w kod\u00f3w kreskowych itp.<\/p>\n","protected":false},"excerpt":{"rendered":"<p>Nasza firma pomaga w optymalnym doborze, dostawie i instalacji oraz serwisie urz\u0105dze\u0144 technicznych i fiskalnych s\u0142u\u017c\u0105cych do wspomagania procesu sprzeda\u017cy ka\u017cdego typu plac\u00f3wki handlowej. Jeste\u015bmy autoryzowanymi partnerami takich firm jak: i wielu innych produkuj\u0105cych min.&nbsp; kasy oraz drukarki fiskalne, wagi, szuflady i urz\u0105dzenia pomiarowe, czytniki kod\u00f3w kreskowych, kolektory danych, drukarki etykiet itp. Kupuj\u0105c u nas [&hellip;]<\/p>\n","protected":false},"author":1,"featured_media":69,"parent":0,"menu_order":0,"comment_status":"closed","ping_status":"closed","template":"","meta":{"footnotes":""},"class_list":["post-33","page","type-page","status-publish","has-post-thumbnail","hentry"],"_links":{"self":[{"href":"https:\/\/artcomp.com.pl\/index.php?rest_route=\/wp\/v2\/pages\/33","targetHints":{"allow":["GET"]}}],"collection":[{"href":"https:\/\/artcomp.com.pl\/index.php?rest_route=\/wp\/v2\/pages"}],"about":[{"href":"https:\/\/artcomp.com.pl\/index.php?rest_route=\/wp\/v2\/types\/page"}],"author":[{"embeddable":true,"href":"https:\/\/artcomp.com.pl\/index.php?rest_route=\/wp\/v2\/users\/1"}],"replies":[{"embeddable":true,"href":"https:\/\/artcomp.com.pl\/index.php?rest_route=%2Fwp%2Fv2%2Fcomments&post=33"}],"version-history":[{"count":1,"href":"https:\/\/artcomp.com.pl\/index.php?rest_route=\/wp\/v2\/pages\/33\/revisions"}],"predecessor-version":[{"id":34,"href":"https:\/\/artcomp.com.pl\/index.php?rest_route=\/wp\/v2\/pages\/33\/revisions\/34"}],"wp:featuredmedia":[{"embeddable":true,"href":"https:\/\/artcomp.com.pl\/index.php?rest_route=\/wp\/v2\/media\/69"}],"wp:attachment":[{"href":"https:\/\/artcomp.com.pl\/index.php?rest_route=%2Fwp%2Fv2%2Fmedia&parent=33"}],"curies":[{"name":"wp","href":"https:\/\/api.w.org\/{rel}","templated":true}]}}