{"id":31,"date":"2023-09-21T05:34:11","date_gmt":"2023-09-21T05:34:11","guid":{"rendered":"https:\/\/artcomp.com.pl\/?page_id=31"},"modified":"2023-09-21T07:11:52","modified_gmt":"2023-09-21T07:11:52","slug":"serwis","status":"publish","type":"page","link":"https:\/\/artcomp.com.pl\/?page_id=31","title":{"rendered":"Serwis"},"content":{"rendered":"\n<p>Us\u0142ugi jakie oferujemy to mi\u0119dzy innymi:<\/p>\n\n\n\n<p>\u2013 Naprawa laptop\u00f3w, notebook\u00f3w, komponent\u00f3w komputerowych obejmuj\u0105ca fizyczn\u0105 napraw\u0119, nie tylko wymian\u0119, takich podzespo\u0142\u00f3w jak p\u0142yta g\u0142\u00f3wna, karta graficzna<\/p>\n\n\n\n<p>\u2013 Diagnostyka i testy sprz\u0119tu PC<\/p>\n\n\n\n<p>\u2013 Czyszczenie i konserwacja sprz\u0119tu komputerowego<\/p>\n\n\n\n<p>\u2013 Modernizacja komputera<\/p>\n\n\n\n<p>\u2013 Z\u0142o\u017cenie komputera z podzespo\u0142\u00f3w klienta<\/p>\n\n\n\n<p>\u2013 Naprawa uszkodzonego systemu operacyjnego, jego aktualizacja<\/p>\n\n\n\n<p>\u2013 Przeinstalowanie systemu operacyjnego Windows XP \/ Vista \/ 7 \/ 8 \/ 8.1 \/ 10<\/p>\n\n\n\n<p>\u2013 Instalacja Windows bez utraty danych!<\/p>\n\n\n\n<p>\u2013 Konfiguracja systemu, instalacja sterownik\u00f3w, kodek\u00f3w, przegl\u0105darek itp.<\/p>\n\n\n\n<p>\u2013 Usuwanie wirus\u00f3w, trojan\u00f3w, spyware oraz z\u0142o\u015bliwego oprogramowania<\/p>\n\n\n\n<p>\u2013 Instalacja nowych urz\u0105dze\u0144 (drukarki, czytniki kart, nap\u0119dy optyczne, karty rozszerze\u0144 itp.)<\/p>\n\n\n\n<p>\u2013 Dzielenie dysku na partycje bez utraty danych<\/p>\n\n\n\n<p>\u2013 Tworzenie i konfiguracja sieci internetowych<\/p>\n\n\n\n<p>\u2013 Konfiguracja router\u00f3w przewodowych i bezprzewodowych Wi-Fi, 3G, LTE<\/p>\n\n\n\n<p>\u2013 Odzyskiwanie danych z dysk\u00f3w, kart pami\u0119ci \u2013 zdj\u0119cia, dokumenty itp.<\/p>\n\n\n\n<p>\u2013 Sta\u0142a opieka nad komputerami w firmach<\/p>\n\n\n\n<p>Jeste\u015b zainteresowany us\u0142ug\u0105 kt\u00f3ra nie zosta\u0142a wymieniona? Zadzwo\u0144 lub napisz \u2013 my\u015bl\u0119, \u017ce b\u0119dziemy w stanie Ci pom\u00f3c!<\/p>\n","protected":false},"excerpt":{"rendered":"<p>Us\u0142ugi jakie oferujemy to mi\u0119dzy innymi: \u2013 Naprawa laptop\u00f3w, notebook\u00f3w, komponent\u00f3w komputerowych obejmuj\u0105ca fizyczn\u0105 napraw\u0119, nie tylko wymian\u0119, takich podzespo\u0142\u00f3w jak p\u0142yta g\u0142\u00f3wna, karta graficzna \u2013 Diagnostyka i testy sprz\u0119tu PC \u2013 Czyszczenie i konserwacja sprz\u0119tu komputerowego \u2013 Modernizacja komputera \u2013 Z\u0142o\u017cenie komputera z podzespo\u0142\u00f3w klienta \u2013 Naprawa uszkodzonego systemu operacyjnego, jego aktualizacja \u2013 Przeinstalowanie [&hellip;]<\/p>\n","protected":false},"author":1,"featured_media":53,"parent":0,"menu_order":0,"comment_status":"closed","ping_status":"closed","template":"","meta":{"footnotes":""},"class_list":["post-31","page","type-page","status-publish","has-post-thumbnail","hentry"],"_links":{"self":[{"href":"https:\/\/artcomp.com.pl\/index.php?rest_route=\/wp\/v2\/pages\/31","targetHints":{"allow":["GET"]}}],"collection":[{"href":"https:\/\/artcomp.com.pl\/index.php?rest_route=\/wp\/v2\/pages"}],"about":[{"href":"https:\/\/artcomp.com.pl\/index.php?rest_route=\/wp\/v2\/types\/page"}],"author":[{"embeddable":true,"href":"https:\/\/artcomp.com.pl\/index.php?rest_route=\/wp\/v2\/users\/1"}],"replies":[{"embeddable":true,"href":"https:\/\/artcomp.com.pl\/index.php?rest_route=%2Fwp%2Fv2%2Fcomments&post=31"}],"version-history":[{"count":1,"href":"https:\/\/artcomp.com.pl\/index.php?rest_route=\/wp\/v2\/pages\/31\/revisions"}],"predecessor-version":[{"id":32,"href":"https:\/\/artcomp.com.pl\/index.php?rest_route=\/wp\/v2\/pages\/31\/revisions\/32"}],"wp:featuredmedia":[{"embeddable":true,"href":"https:\/\/artcomp.com.pl\/index.php?rest_route=\/wp\/v2\/media\/53"}],"wp:attachment":[{"href":"https:\/\/artcomp.com.pl\/index.php?rest_route=%2Fwp%2Fv2%2Fmedia&parent=31"}],"curies":[{"name":"wp","href":"https:\/\/api.w.org\/{rel}","templated":true}]}}