{"id":18,"date":"2023-09-21T05:25:14","date_gmt":"2023-09-21T05:25:14","guid":{"rendered":"https:\/\/artcomp.com.pl\/?page_id=18"},"modified":"2023-09-30T21:13:25","modified_gmt":"2023-09-30T21:13:25","slug":"sprzedaz","status":"publish","type":"page","link":"https:\/\/artcomp.com.pl\/?page_id=18","title":{"rendered":"Sprzeda\u017c"},"content":{"rendered":"\n<h1 class=\"wp-block-heading\"><\/h1>\n\n\n\n<p>W naszej ofercie znajduj\u0105 si\u0119:<br><br>\u2013 komputery biurowe oraz gamingowe<\/p>\n\n\n\n<p>&#8211;  konstrukcje \u201chigh-end\u201d (komputery z\u0142o\u017cone z najwydajniejszych komponent\u00f3w, ch\u0142odzonych customow\u0105 &#8220;wod\u0105&#8221;)<br><br>\u2013 notebooki biurowe, gamingowe oraz poleasingowe<br><br>\u2013 kasy oraz drukarki fiskalne \u201conline\u201d<br><br>\u2013 drukarki, kopiarki, monitory, upsy<br><br>\u2013 podzespo\u0142y i akcesoria komputerowe<br><\/p>\n\n\n\n<p>Na \u017cyczenie jeste\u015bmy w stanie przygotowa\u0107 ka\u017cd\u0105 wybran\u0105 konfiguracj\u0119 komputera.<\/p>\n\n\n\n<p>Nie tylko profesjonalnie sk\u0142adamy komputery ale i tworzymy prawdziwe arcydzie\u0142a\u2026<\/p>\n","protected":false},"excerpt":{"rendered":"<p>W naszej ofercie znajduj\u0105 si\u0119: \u2013 komputery biurowe oraz gamingowe &#8211; konstrukcje \u201chigh-end\u201d (komputery z\u0142o\u017cone z najwydajniejszych komponent\u00f3w, ch\u0142odzonych customow\u0105 &#8220;wod\u0105&#8221;) \u2013 notebooki biurowe, gamingowe oraz poleasingowe \u2013 kasy oraz drukarki fiskalne \u201conline\u201d \u2013 drukarki, kopiarki, monitory, upsy \u2013 podzespo\u0142y i akcesoria komputerowe Na \u017cyczenie jeste\u015bmy w stanie przygotowa\u0107 ka\u017cd\u0105 wybran\u0105 konfiguracj\u0119 komputera. Nie tylko [&hellip;]<\/p>\n","protected":false},"author":1,"featured_media":92,"parent":0,"menu_order":0,"comment_status":"closed","ping_status":"closed","template":"","meta":{"footnotes":""},"class_list":["post-18","page","type-page","status-publish","has-post-thumbnail","hentry"],"_links":{"self":[{"href":"https:\/\/artcomp.com.pl\/index.php?rest_route=\/wp\/v2\/pages\/18","targetHints":{"allow":["GET"]}}],"collection":[{"href":"https:\/\/artcomp.com.pl\/index.php?rest_route=\/wp\/v2\/pages"}],"about":[{"href":"https:\/\/artcomp.com.pl\/index.php?rest_route=\/wp\/v2\/types\/page"}],"author":[{"embeddable":true,"href":"https:\/\/artcomp.com.pl\/index.php?rest_route=\/wp\/v2\/users\/1"}],"replies":[{"embeddable":true,"href":"https:\/\/artcomp.com.pl\/index.php?rest_route=%2Fwp%2Fv2%2Fcomments&post=18"}],"version-history":[{"count":4,"href":"https:\/\/artcomp.com.pl\/index.php?rest_route=\/wp\/v2\/pages\/18\/revisions"}],"predecessor-version":[{"id":115,"href":"https:\/\/artcomp.com.pl\/index.php?rest_route=\/wp\/v2\/pages\/18\/revisions\/115"}],"wp:featuredmedia":[{"embeddable":true,"href":"https:\/\/artcomp.com.pl\/index.php?rest_route=\/wp\/v2\/media\/92"}],"wp:attachment":[{"href":"https:\/\/artcomp.com.pl\/index.php?rest_route=%2Fwp%2Fv2%2Fmedia&parent=18"}],"curies":[{"name":"wp","href":"https:\/\/api.w.org\/{rel}","templated":true}]}}