{"id":16,"date":"2023-09-21T05:22:57","date_gmt":"2023-09-21T05:22:57","guid":{"rendered":"https:\/\/artcomp.com.pl\/?page_id=16"},"modified":"2023-11-06T07:00:19","modified_gmt":"2023-11-06T07:00:19","slug":"start","status":"publish","type":"page","link":"https:\/\/artcomp.com.pl\/","title":{"rendered":"Start"},"content":{"rendered":"\n<p><\/p>\n\n\n\n<p>Firma \u201cArtcomp\u201d z Jastrz\u0119bia Zdroju istnieje ju\u017c od 1999 roku. Od pocz\u0105tku naszej dzia\u0142alno\u015bci staramy si\u0119 wychodzi\u0107 naprzeciw oczekiwaniom naszych klient\u00f3w. Firma zajmuje si\u0119 profesjonalnym serwisem komputer\u00f3w oraz notebook\u00f3w (laptop\u00f3w), sprzeda\u017c\u0105 cz\u0119\u015bci i podzespo\u0142\u00f3w komputerowych, akcesorii do drukarek, materia\u0142\u00f3w eksploatacyjnych oraz oprogramowania. Od kilku lat zajmujemy si\u0119 r\u00f3wnie\u017c importem i handlem sprz\u0119tu poleasingowego (notebooki, komputery, monitory, tablety). Nowo\u015bci\u0105 jest wprowadzenie kas i drukarek fiskalnych oraz mo\u017cliwo\u015b\u0107 wynajmu 9 osobowego busa Renault Trafic Long.<\/p>\n\n\n\n<p>Na \u017cyczenie jeste\u015bmy w stanie przygotowa\u0107 wybran\u0105 konfiguracj\u0119 komputera, dostarczy\u0107 wymarzony notebook lub aparat cyfrowy. Osoba kt\u00f3ra trafi do naszego sklepu zawsze spotka si\u0119 z mi\u0142\u0105 i uprzejm\u0105 obs\u0142ug\u0105 a osoby niezdecydowane mog\u0105 liczy\u0107 na fachow\u0105 i rzeczow\u0105 porad\u0119. Od lat nasz serwis cieszy si\u0119 najlepszymi opiniami w Jastrz\u0119biu!!! Pe\u0142en profesjonalizm, kr\u00f3tkie czasy realizacji i niewyg\u00f3rowane cenny to nasze g\u0142\u00f3wne atuty! Prowadzisz firm\u0119, nie jeste\u015b got\u00f3w na wielkie zmiany kt\u00f3re wchodz\u0105 w \u017cycie w 2024 roku, przyjd\u017a, zadzwo\u0144 pomo\u017cemy dostosowa\u0107 Ci swoj\u0105 infrastruktur\u0119 do nowych wymog\u00f3w podatkowych kt\u00f3re zaczn\u0105 obowi\u0105zywa\u0107 w 2024 roku ( <a href=\"https:\/\/www.podatki.gov.pl\/ksef\" target=\"_blank\" rel=\"noreferrer noopener\">KSeF<\/a> )<\/p>\n","protected":false},"excerpt":{"rendered":"<p>Firma \u201cArtcomp\u201d z Jastrz\u0119bia Zdroju istnieje ju\u017c od 1999 roku. Od pocz\u0105tku naszej dzia\u0142alno\u015bci staramy si\u0119 wychodzi\u0107 naprzeciw oczekiwaniom naszych klient\u00f3w. Firma zajmuje si\u0119 profesjonalnym serwisem komputer\u00f3w oraz notebook\u00f3w (laptop\u00f3w), sprzeda\u017c\u0105 cz\u0119\u015bci i podzespo\u0142\u00f3w komputerowych, akcesorii do drukarek, materia\u0142\u00f3w eksploatacyjnych oraz oprogramowania. Od kilku lat zajmujemy si\u0119 r\u00f3wnie\u017c importem i handlem sprz\u0119tu poleasingowego (notebooki, komputery, [&hellip;]<\/p>\n","protected":false},"author":1,"featured_media":131,"parent":0,"menu_order":0,"comment_status":"closed","ping_status":"closed","template":"","meta":{"footnotes":""},"class_list":["post-16","page","type-page","status-publish","has-post-thumbnail","hentry"],"_links":{"self":[{"href":"https:\/\/artcomp.com.pl\/index.php?rest_route=\/wp\/v2\/pages\/16","targetHints":{"allow":["GET"]}}],"collection":[{"href":"https:\/\/artcomp.com.pl\/index.php?rest_route=\/wp\/v2\/pages"}],"about":[{"href":"https:\/\/artcomp.com.pl\/index.php?rest_route=\/wp\/v2\/types\/page"}],"author":[{"embeddable":true,"href":"https:\/\/artcomp.com.pl\/index.php?rest_route=\/wp\/v2\/users\/1"}],"replies":[{"embeddable":true,"href":"https:\/\/artcomp.com.pl\/index.php?rest_route=%2Fwp%2Fv2%2Fcomments&post=16"}],"version-history":[{"count":3,"href":"https:\/\/artcomp.com.pl\/index.php?rest_route=\/wp\/v2\/pages\/16\/revisions"}],"predecessor-version":[{"id":132,"href":"https:\/\/artcomp.com.pl\/index.php?rest_route=\/wp\/v2\/pages\/16\/revisions\/132"}],"wp:featuredmedia":[{"embeddable":true,"href":"https:\/\/artcomp.com.pl\/index.php?rest_route=\/wp\/v2\/media\/131"}],"wp:attachment":[{"href":"https:\/\/artcomp.com.pl\/index.php?rest_route=%2Fwp%2Fv2%2Fmedia&parent=16"}],"curies":[{"name":"wp","href":"https:\/\/api.w.org\/{rel}","templated":true}]}}